{"id":122,"date":"2019-01-15T20:29:25","date_gmt":"2019-01-15T23:29:25","guid":{"rendered":"https:\/\/runatour.tur.ar\/web\/?post_type=product&#038;p=122"},"modified":"2026-02-25T13:08:02","modified_gmt":"2026-02-25T16:08:02","slug":"garganta-del-diablo-nuevo","status":"publish","type":"product","link":"https:\/\/runatour.tur.ar\/web\/product\/garganta-del-diablo-nuevo\/","title":{"rendered":"Cascada Garganta del Diablo (Tilcara)"},"content":{"rendered":"<p><strong>Partida:<\/strong><br \/>\nDesde su alojamiento en Tilcara o desde nuestra agencia Runa Tour, Belgrano 481.<\/p>\n<p><strong>Actividad:<\/strong><br \/>\nLa excursi\u00f3n se realiza a 8 Km. en ascenso hacia el Este de la ciudad de Tilcara, por camino vehicular serpenteante a trav\u00e9s de la monta\u00f1a, en el trayecto podemos ir apreciando paisajes incre\u00edbles. Luego, arribamos a la garita de entrada a la Garganta del diablo, nos acreditamos e ingresamos haciendo Trekking a la quebrada, para finalmente asombrarnos con una hermosa cascada natural, ideal para refrescarse en verano. El regreso en descenso; por \u00e9l mismo camino, tenemos paradas panor\u00e1micas del tramo norte y sur de la Quebrada de Humahuaca, como de la Quebrada de Huichaira.<\/p>\n<p><strong>Caracter\u00edsticas:<\/strong><br \/>\nHorarios de salidas: 09:00 hs. y 14:30 hs.<br \/>\nDuraci\u00f3n de la actividad: 3 horas.<br \/>\nModalidad: en veh\u00edculo hasta la garita de la comunidad, luego Trekking a la garganta de 30 min. aprox.<\/p>\n","protected":false},"excerpt":{"rendered":"<p><strong>Tarifa: $ 50.000 por persona.<\/strong> Reservas con tiempo de antelaci\u00f3n, a partir de 2 personas.<\/p>\n<p><strong>Temporada:<\/strong> todo el a\u00f1o.<\/p>\n<p><strong>Dificultad:<\/strong> baja.<\/p>\n<p><strong>Tarifa valida hasta el 31 de Marzo, 2026.-\u00a0<\/strong><\/p>\n","protected":false},"featured_media":109,"comment_status":"open","ping_status":"closed","template":"","meta":{"_et_pb_use_builder":"","_et_pb_old_content":"","_et_gb_content_width":""},"product_cat":[17,18],"product_tag":[],"_links":{"self":[{"href":"https:\/\/runatour.tur.ar\/web\/wp-json\/wp\/v2\/product\/122"}],"collection":[{"href":"https:\/\/runatour.tur.ar\/web\/wp-json\/wp\/v2\/product"}],"about":[{"href":"https:\/\/runatour.tur.ar\/web\/wp-json\/wp\/v2\/types\/product"}],"replies":[{"embeddable":true,"href":"https:\/\/runatour.tur.ar\/web\/wp-json\/wp\/v2\/comments?post=122"}],"wp:featuredmedia":[{"embeddable":true,"href":"https:\/\/runatour.tur.ar\/web\/wp-json\/wp\/v2\/media\/109"}],"wp:attachment":[{"href":"https:\/\/runatour.tur.ar\/web\/wp-json\/wp\/v2\/media?parent=122"}],"wp:term":[{"taxonomy":"product_cat","embeddable":true,"href":"https:\/\/runatour.tur.ar\/web\/wp-json\/wp\/v2\/product_cat?post=122"},{"taxonomy":"product_tag","embeddable":true,"href":"https:\/\/runatour.tur.ar\/web\/wp-json\/wp\/v2\/product_tag?post=122"}],"curies":[{"name":"wp","href":"https:\/\/api.w.org\/{rel}","templated":true}]}}