{"id":219,"date":"2021-06-26T12:12:24","date_gmt":"2021-06-26T15:12:24","guid":{"rendered":"https:\/\/runatour.tur.ar\/web\/?post_type=product&#038;p=219"},"modified":"2026-04-20T18:42:04","modified_gmt":"2026-04-20T21:42:04","slug":"pueblo-magico-de-iruya","status":"publish","type":"product","link":"https:\/\/runatour.tur.ar\/web\/product\/pueblo-magico-de-iruya\/","title":{"rendered":"IRUYA; un pueblo colgado de la monta\u00f1a."},"content":{"rendered":"<p>Nos dirigimos hacia el norte a trav\u00e9s de la Quebrada de Humahuaca, por camino un pavimentado, sin ascensos abruptos. Casi al final de este tramo, tenemos nuestra primera parada: la comunidad de Hornaditas, all\u00ed visitamos al \u201cabuelo card\u00f3n\u201d, uno de los cardones m\u00e1s antiguos y altos de la quebrada. Continuamos viaje, por camino de tierra, que cruza lechos de r\u00edos, y en el que tambi\u00e9n hay precipicios. Nos detenemos en Abra del C\u00f3ndor, punto de altura m\u00e1xima de todo el trayecto (4.000 m.s.n.m.). Llegamos a Iruya (2.780 m.s.n.m.) al medio d\u00eda y almorzamos. Por la tarde, visitamos los principales atractivos del pueblo, el casco hist\u00f3rico y nos dirigimos en una caminata de una hora aprox. por calles empinadas, de piedra y de tierra, hacia el Mirador de la cruz. A eso de las 15:30 horas aprox. emprendemos el retorno haciendo una parada breve en Humahuaca.<\/p>\n<p><strong>Salida:<\/strong> 09:00 hs desde Tilcara, regreso 18:30 hs. aprox.<br \/>\n<strong>Lugar donde se desarrolla:<\/strong> Quebrada de Humahuaca e Iruya (Salta). Salidas desde Tilcara y Humahuaca.<br \/>\n<strong>Duraci\u00f3n:<\/strong> 10 horas.<br \/>\n<strong>Modalidad:<\/strong> Turismo Cultural.<br \/>\n<strong>Temporada:<\/strong> Todo el a\u00f1o.<br \/>\n<strong>Dificultad:<\/strong> Baja.<\/p>\n","protected":false},"excerpt":{"rendered":"<p><b>TARIFA: <\/b><strong>$ 75.000 por persona<\/strong> <b>en BASE GRUPAL\/Trafic. <\/b>Reservas a partir de 2 personas con tiempo de antelaci\u00f3n, ya que la base m\u00ednima para la salida es de 4 pax.<\/p>\n<p><b>Tarifa de OFERTA!! para realizar excursiones en mes de Abril, Mayo y Junio 2026.-\u00a0<\/b><\/p>\n<p>&nbsp;<\/p>\n<p>&nbsp;<\/p>\n<p>&nbsp;<\/p>\n<p>&nbsp;<\/p>\n","protected":false},"featured_media":222,"comment_status":"open","ping_status":"closed","template":"","meta":{"_et_pb_use_builder":"","_et_pb_old_content":"","_et_gb_content_width":""},"product_cat":[31,17],"product_tag":[],"_links":{"self":[{"href":"https:\/\/runatour.tur.ar\/web\/wp-json\/wp\/v2\/product\/219"}],"collection":[{"href":"https:\/\/runatour.tur.ar\/web\/wp-json\/wp\/v2\/product"}],"about":[{"href":"https:\/\/runatour.tur.ar\/web\/wp-json\/wp\/v2\/types\/product"}],"replies":[{"embeddable":true,"href":"https:\/\/runatour.tur.ar\/web\/wp-json\/wp\/v2\/comments?post=219"}],"wp:featuredmedia":[{"embeddable":true,"href":"https:\/\/runatour.tur.ar\/web\/wp-json\/wp\/v2\/media\/222"}],"wp:attachment":[{"href":"https:\/\/runatour.tur.ar\/web\/wp-json\/wp\/v2\/media?parent=219"}],"wp:term":[{"taxonomy":"product_cat","embeddable":true,"href":"https:\/\/runatour.tur.ar\/web\/wp-json\/wp\/v2\/product_cat?post=219"},{"taxonomy":"product_tag","embeddable":true,"href":"https:\/\/runatour.tur.ar\/web\/wp-json\/wp\/v2\/product_tag?post=219"}],"curies":[{"name":"wp","href":"https:\/\/api.w.org\/{rel}","templated":true}]}}