{"id":238,"date":"2021-06-28T12:55:13","date_gmt":"2021-06-28T15:55:13","guid":{"rendered":"https:\/\/runatour.tur.ar\/web\/?post_type=product&#038;p=238"},"modified":"2026-04-20T18:40:29","modified_gmt":"2026-04-20T21:40:29","slug":"salinas-grandes","status":"publish","type":"product","link":"https:\/\/runatour.tur.ar\/web\/product\/salinas-grandes\/","title":{"rendered":"Salinas Grandes, Purmamarca + Ojos del Salar opcional"},"content":{"rendered":"<p>Espectaculares Salinas Grandes con Purmamarca + Paseo a los Colorados + opcional Ojos del Salar.<\/p>\n<p>Nos dirigimos hacia el sur de la Quebrada de Humahuaca visitando en primer lugar el Mirador del \u201cCerro de Siete Colores\u201d en Purmamarca; seguimos camino a Salinas Grandes, parando al finalizar la Cuesta de Lip\u00e1n y Abra de Potrerillos (punto m\u00e1s alto del trayecto 4.170 m.s.n.m). Arribamos a Salinas Grandes (3.440 m.s.n.m), ofreci\u00e9ndole all\u00ed la opci\u00f3n de visitar los \u201cOjos del Salar\u201d (servicio no incluido en la tarifa, a cargo de las comunidades abor\u00edgenes de Tres Morros, Tres Pozos y El Colorado); al regreso paramos en la geoforma \u201cla tortuga\u201d y llegamos a Purmamarca para almorzar (servicio no incluido en la tarifa). Por la tarde visitamos: mirador \u201cEl Porito\u201d, el Paseo de los Colorados y el casco hist\u00f3rico del Pueblo de Purmamarca. La \u00faltima parada es frente al cementerio de Maimar\u00e1 y al cerro Paleta del Pintor.<\/p>\n<p><strong>Horarios:<\/strong> salida 09:00 hs. desde Tilcara, regreso 17:30 hs. aprox.<br \/>\n<strong>Lugar donde se desarrolla:<\/strong> Quebrada de Humahuaca y Puna Juje\u00f1a. Salidas desde Tilcara y Purmamarca. Consultar por salidas desde San Salvador o Salta.<br \/>\n<strong>Duraci\u00f3n:<\/strong> 8 horas aprox.<br \/>\n<strong>Modalidad:<\/strong> Turismo Cultural.<br \/>\n<strong>Temporada:<\/strong> todo el a\u00f1o.<br \/>\n<strong>Dificultad:<\/strong> baja.<\/p>\n","protected":false},"excerpt":{"rendered":"<p><b>TARIFA: <strong>$ 50.000 por persona<\/strong><\/b> <b>en BASE GRUPAL\/Trafic. <\/b>Reservas a partir de 2 personas con tiempo de antelaci\u00f3n, ya que la base m\u00ednima para la salida es de 4 pax.<\/p>\n<p><b>Tarifa de OFERTA!! para realizar excursiones en mes de Abril, Mayo y Junio 2026.-\u00a0<\/b><\/p>\n<p>&nbsp;<\/p>\n<p>&nbsp;<\/p>\n<p>&nbsp;<\/p>\n<p>&nbsp;<\/p>\n<p>&nbsp;<\/p>\n<p>&nbsp;<\/p>\n<p>&nbsp;<\/p>\n<p>&nbsp;<\/p>\n<p>&nbsp;<\/p>\n","protected":false},"featured_media":240,"comment_status":"open","ping_status":"closed","template":"","meta":{"_et_pb_use_builder":"","_et_pb_old_content":"","_et_gb_content_width":""},"product_cat":[31,17],"product_tag":[],"_links":{"self":[{"href":"https:\/\/runatour.tur.ar\/web\/wp-json\/wp\/v2\/product\/238"}],"collection":[{"href":"https:\/\/runatour.tur.ar\/web\/wp-json\/wp\/v2\/product"}],"about":[{"href":"https:\/\/runatour.tur.ar\/web\/wp-json\/wp\/v2\/types\/product"}],"replies":[{"embeddable":true,"href":"https:\/\/runatour.tur.ar\/web\/wp-json\/wp\/v2\/comments?post=238"}],"wp:featuredmedia":[{"embeddable":true,"href":"https:\/\/runatour.tur.ar\/web\/wp-json\/wp\/v2\/media\/240"}],"wp:attachment":[{"href":"https:\/\/runatour.tur.ar\/web\/wp-json\/wp\/v2\/media?parent=238"}],"wp:term":[{"taxonomy":"product_cat","embeddable":true,"href":"https:\/\/runatour.tur.ar\/web\/wp-json\/wp\/v2\/product_cat?post=238"},{"taxonomy":"product_tag","embeddable":true,"href":"https:\/\/runatour.tur.ar\/web\/wp-json\/wp\/v2\/product_tag?post=238"}],"curies":[{"name":"wp","href":"https:\/\/api.w.org\/{rel}","templated":true}]}}