{"id":262,"date":"2019-08-06T13:24:26","date_gmt":"2019-08-06T16:24:26","guid":{"rendered":"https:\/\/runatour.tur.ar\/web\/?post_type=product&#038;p=262"},"modified":"2026-05-13T11:23:55","modified_gmt":"2026-05-13T14:23:55","slug":"toreo-de-la-vincha-en-casabindo","status":"publish","type":"product","link":"https:\/\/runatour.tur.ar\/web\/product\/toreo-de-la-vincha-en-casabindo\/","title":{"rendered":"Toreo de la Vincha en Casabindo 2024 &#8211; 15 de Agosto"},"content":{"rendered":"<p>Casabindo es un poblado, situado en la Regi\u00f3n Puna de la provincia de Jujuy. La zona fue muy importante en la \u00e9poca prehisp\u00e1nica ya que se encontraba en el recorrido del Camino del Inca; en la \u00c9poca Colonial, hab\u00eda all\u00ed una de las encomiendas de ind\u00edgenas m\u00e1s importante, los Casabindos, cuya administraci\u00f3n estaba a cargo del Marques del valle de Tojo.<br \/>\nEl 15 de Agosto, tiene lugar en Casabindo, la fiesta patronal en Honor a la Virgen de la Asunci\u00f3n. La misma consiste en un programa de actividades tradicionales singulares, como el baile de los Samilantes y el Toreo de la Vincha. Se trata de una experiencia \u00fanica que s\u00f3lo es posible realizar una vez al a\u00f1o.<\/p>\n<p><b>Fecha de excursi\u00f3n:\u00a0<\/b>(15 de Agosto)<br \/>\n<strong>Lugar donde se desarrolla:<\/strong> Se inicia en la ciudad de Tilcara o Purmamarca y recorre casi toda la Quebrada de Humahuaca para internarse en la Puna de Jujuy. En el camino podremos apreciar: las formaciones geol\u00f3gicas: \u201cEspinazo del Diablo\u201d y \u201cPuente del Diablo\u201d, y varias obras a\u00fan en pi\u00e9 de la ingenier\u00eda ferroviaria del inactivo Ferrocarril General Belgrano. Presenciaremos el Toreo de la Vincha y otras actividades en honor a la Virgen de la Asunci\u00f3n en Casabindo.<br \/>\n<strong>Duraci\u00f3n:<\/strong> Excursi\u00f3n d\u00eda entero<br \/>\n<strong>Modalidad:<\/strong> Turismo cultural.<br \/>\n<strong>Tiempo de Reserva:<\/strong> 1 d\u00eda de anticipaci\u00f3n.<br \/>\n<strong>Temporada:<\/strong> La localidad e Iglesia de Casabindo, se pueden visitar durante todo el a\u00f1o. Pero el Toreo de la Vincha, se lleva a cabo, solamente el 15 de agosto.<br \/>\n<strong>Dificultad:<\/strong> Baja. El punto de m\u00e1xima altura al cu\u00e1l se llega es Tres Cruces, situada a 3.693 m.s.n.m. La localidad de Casabindo se sit\u00faa a los 3.377 m.s.n.m.<\/p>\n<p>&nbsp;<\/p>\n<p>&nbsp;<\/p>\n","protected":false},"excerpt":{"rendered":"<p><strong>Tarifa: $ 150.000 por persona en base grupal.<\/strong> Reservas con tiempo de antelaci\u00f3n para ir congelando la tarifa promocional, para armando los grupos y en cuanto a la organizaci\u00f3n de la log\u00edstica,<\/p>\n<p><strong>OFERTAA!!! Valida hasta el 30 de Junio, 2026.-<\/strong><\/p>\n<p>&nbsp;<\/p>\n","protected":false},"featured_media":269,"comment_status":"open","ping_status":"closed","template":"","meta":{"_et_pb_use_builder":"","_et_pb_old_content":"","_et_gb_content_width":""},"product_cat":[17],"product_tag":[],"_links":{"self":[{"href":"https:\/\/runatour.tur.ar\/web\/wp-json\/wp\/v2\/product\/262"}],"collection":[{"href":"https:\/\/runatour.tur.ar\/web\/wp-json\/wp\/v2\/product"}],"about":[{"href":"https:\/\/runatour.tur.ar\/web\/wp-json\/wp\/v2\/types\/product"}],"replies":[{"embeddable":true,"href":"https:\/\/runatour.tur.ar\/web\/wp-json\/wp\/v2\/comments?post=262"}],"wp:featuredmedia":[{"embeddable":true,"href":"https:\/\/runatour.tur.ar\/web\/wp-json\/wp\/v2\/media\/269"}],"wp:attachment":[{"href":"https:\/\/runatour.tur.ar\/web\/wp-json\/wp\/v2\/media?parent=262"}],"wp:term":[{"taxonomy":"product_cat","embeddable":true,"href":"https:\/\/runatour.tur.ar\/web\/wp-json\/wp\/v2\/product_cat?post=262"},{"taxonomy":"product_tag","embeddable":true,"href":"https:\/\/runatour.tur.ar\/web\/wp-json\/wp\/v2\/product_tag?post=262"}],"curies":[{"name":"wp","href":"https:\/\/api.w.org\/{rel}","templated":true}]}}