{"id":270,"date":"2019-01-17T13:37:04","date_gmt":"2019-01-17T16:37:04","guid":{"rendered":"https:\/\/runatour.tur.ar\/web\/?post_type=product&#038;p=270"},"modified":"2026-02-25T13:05:24","modified_gmt":"2026-02-25T16:05:24","slug":"yavi-y-laguna-colorada","status":"publish","type":"product","link":"https:\/\/runatour.tur.ar\/web\/product\/yavi-y-laguna-colorada\/","title":{"rendered":"La Quiaca &#8211; Yavi"},"content":{"rendered":"<p>Nos dirigimos hacia el norte atravesando la Quebrada de Humahuaca. Paramos en Esquinas Blancas, zona donde nace el R\u00edo Grande, para apreciar el hermoso paisaje que conjuga un ca\u00f1\u00f3n natural con magn\u00edficos puentes del inactivo Ferrocarril \u201cGeneral Belgrano\u201d; un poco m\u00e1s al norte, paramos para apreciar las formaciones geol\u00f3gicas \u201cEspinazo del Diablo\u201d y \u201cPuente del Diablo\u201d. Llegando al pueblo colonial de Yavi -ya cerca del mediod\u00eda- conocemos la iglesia, el museo Casa del Marqu\u00e9s de Tojo, un sitio arqueol\u00f3gico con pinturas rupestres y la Laguna Colorada, lugar que alberga una Huairachina (horno de fundici\u00f3n prehisp\u00e1nico). Retornamos a La Quiaca y almorzamos all\u00ed. Opcional; por la tarde tenemos un tiempo libre para cruzar el Puente Internacional \u201cHoracio Guzm\u00e1n\u201d hacia Villaz\u00f3n &#8211; Bolivia.<\/p>\n<p><strong>Horarios:<\/strong> partida 8:30 hs. desde Tilcara, regreso 18:30 hs. aprox.<br \/>\n<strong>Lugar donde se desarrolla:<\/strong> Se inicia y termina en la ciudad de Tilcara. Quebrada y Puna de Jujuy.<br \/>\n<strong>Duraci\u00f3n:<\/strong> 11 hs. aprox.<br \/>\n<strong>Modalidad:<\/strong> Excursi\u00f3n y Trekking en Laguna Colorada.<br \/>\n<strong>Temporada:<\/strong> todo el a\u00f1o. Ideal marzo y abril.<br \/>\n<strong>Dificultad:<\/strong> baja.<\/p>\n","protected":false},"excerpt":{"rendered":"<p><strong>Tarifa: $ 250.000 por persona en base grupal.<\/strong> Reservas con tiempo de antelaci\u00f3n, a partir de 2 personas.<\/p>\n<p><strong>Oferta!! valida hasta el 31 de Marzo, 2026.-<\/strong><\/p>\n<p><strong>Temporada para realizar el Tour:<\/strong> Todo el a\u00f1o.<\/p>\n<p>&nbsp;<\/p>\n<p>&nbsp;<\/p>\n","protected":false},"featured_media":271,"comment_status":"open","ping_status":"closed","template":"","meta":{"_et_pb_use_builder":"","_et_pb_old_content":"","_et_gb_content_width":""},"product_cat":[17,18],"product_tag":[],"_links":{"self":[{"href":"https:\/\/runatour.tur.ar\/web\/wp-json\/wp\/v2\/product\/270"}],"collection":[{"href":"https:\/\/runatour.tur.ar\/web\/wp-json\/wp\/v2\/product"}],"about":[{"href":"https:\/\/runatour.tur.ar\/web\/wp-json\/wp\/v2\/types\/product"}],"replies":[{"embeddable":true,"href":"https:\/\/runatour.tur.ar\/web\/wp-json\/wp\/v2\/comments?post=270"}],"wp:featuredmedia":[{"embeddable":true,"href":"https:\/\/runatour.tur.ar\/web\/wp-json\/wp\/v2\/media\/271"}],"wp:attachment":[{"href":"https:\/\/runatour.tur.ar\/web\/wp-json\/wp\/v2\/media?parent=270"}],"wp:term":[{"taxonomy":"product_cat","embeddable":true,"href":"https:\/\/runatour.tur.ar\/web\/wp-json\/wp\/v2\/product_cat?post=270"},{"taxonomy":"product_tag","embeddable":true,"href":"https:\/\/runatour.tur.ar\/web\/wp-json\/wp\/v2\/product_tag?post=270"}],"curies":[{"name":"wp","href":"https:\/\/api.w.org\/{rel}","templated":true}]}}