{"id":285,"date":"2019-01-17T14:47:28","date_gmt":"2019-01-17T17:47:28","guid":{"rendered":"https:\/\/runatour.tur.ar\/web\/?post_type=product&#038;p=285"},"modified":"2026-03-18T19:54:09","modified_gmt":"2026-03-18T22:54:09","slug":"trekking-quebrada-de-las-senoritas","status":"publish","type":"product","link":"https:\/\/runatour.tur.ar\/web\/product\/trekking-quebrada-de-las-senoritas\/","title":{"rendered":"Trekking Quebrada de las Se\u00f1oritas &#8211; Uqu\u00eda"},"content":{"rendered":"<p><strong>Partida:<\/strong> Desde su alojamiento o desde nuestra agencia de Viajes y Turismo Runa Tour, Belgrano 481 \u2013 Tilcara.<br \/>\n<strong>Actividad:<\/strong> Nuestra aventura comienza con un recorrido en veh\u00edculo por la RNN\u00ba 9 hacia el norte del pueblo de Tilcara, primer parada en el Tr\u00f3pico de Capricornio. M\u00e1s adelante, podemos deleitar nuestros ojos con la formaci\u00f3n geol\u00f3gica del Mes\u00f3n de Yacoraite (Pollera de la Coyita). Al arribar al pueblo de Uquia, visitamos su iglesia que guarda en su interior una colecci\u00f3n \u00fanica de los \u00c1ngeles Arcabuceros. Luego, tras recorrer 1 Km. mas en veh\u00edculo hacia el Oeste del pueblo de Uquia; comienza nuestro Trekking de una hora aprox., para conocer los misterios de formaciones geol\u00f3gicas asombrosas escondidas como un tesoro en el fondo del pueblo. Entre leyendas y geoformas, descubriremos el porqu\u00e9 de su nombre y, porque es un lugar natural \u00fanico para visitar en la Quebrada de Humahuaca \u2013 Patrimonio de la Humanidad.<\/p>\n<p><strong>Horarios de salida:<\/strong> 9:00 hs.<br \/>\n<strong>Duraci\u00f3n de la actividad:<\/strong> 3 horas y 30 minutos.<br \/>\n<strong>Dificultad:<\/strong> baja<\/p>\n","protected":false},"excerpt":{"rendered":"<p><strong>Tarifa:<\/strong> <strong>$ 75.000 por persona.<\/strong> Reservas con tiempo de antelaci\u00f3n, a partir de 2 personas.<\/p>\n<p><b>Tarifa valida hasta el 31 de marzo, 2026.-\u00a0<\/b><\/p>\n<p><strong>Temporada:<\/strong> todo el a\u00f1o.-<\/p>\n<p><strong>Dificultad:<\/strong> baja.<\/p>\n<p>&nbsp;<\/p>\n","protected":false},"featured_media":290,"comment_status":"open","ping_status":"closed","template":"","meta":{"_et_pb_use_builder":"","_et_pb_old_content":"","_et_gb_content_width":""},"product_cat":[18],"product_tag":[],"_links":{"self":[{"href":"https:\/\/runatour.tur.ar\/web\/wp-json\/wp\/v2\/product\/285"}],"collection":[{"href":"https:\/\/runatour.tur.ar\/web\/wp-json\/wp\/v2\/product"}],"about":[{"href":"https:\/\/runatour.tur.ar\/web\/wp-json\/wp\/v2\/types\/product"}],"replies":[{"embeddable":true,"href":"https:\/\/runatour.tur.ar\/web\/wp-json\/wp\/v2\/comments?post=285"}],"wp:featuredmedia":[{"embeddable":true,"href":"https:\/\/runatour.tur.ar\/web\/wp-json\/wp\/v2\/media\/290"}],"wp:attachment":[{"href":"https:\/\/runatour.tur.ar\/web\/wp-json\/wp\/v2\/media?parent=285"}],"wp:term":[{"taxonomy":"product_cat","embeddable":true,"href":"https:\/\/runatour.tur.ar\/web\/wp-json\/wp\/v2\/product_cat?post=285"},{"taxonomy":"product_tag","embeddable":true,"href":"https:\/\/runatour.tur.ar\/web\/wp-json\/wp\/v2\/product_tag?post=285"}],"curies":[{"name":"wp","href":"https:\/\/api.w.org\/{rel}","templated":true}]}}