{"id":424,"date":"2019-08-06T14:05:10","date_gmt":"2019-08-06T17:05:10","guid":{"rendered":"https:\/\/runatour.tur.ar\/web\/?post_type=product&#038;p=424"},"modified":"2026-01-07T19:06:41","modified_gmt":"2026-01-07T22:06:41","slug":"tilcara-calilegua","status":"publish","type":"product","link":"https:\/\/runatour.tur.ar\/web\/product\/tilcara-calilegua\/","title":{"rendered":"Trekking Tilcara &#8211; Calilegua 2024"},"content":{"rendered":"<p>El trekking m\u00e1s lindo del Norte Argentino\u201d<br \/>\nUno de los caminos favoritos para los amantes del trekking donde se puede divisar las hermosas bellezas de la naturaleza pasando de los cerros coloridos t\u00edpicos de la Quebrada de Humahuaca ala verde y espesa selva juje\u00f1a llegando a s\u00ed al Parque Nacional Calilegua (Zona N\u00facleo de la Reserva de Biosfera de Yungas).Realmente transitar por este escenario puede convertirse en una experiencia insuperable.<\/p>\n<p><strong>RESUMEN DEL PROGRAMA<\/strong><\/p>\n<p><strong>D\u00eda 1:<\/strong> 18:00 hs. punto de encuentro en Tilcara. 18:30 ha. se dirigir\u00e1 el hostal posada de Tilcara, presentaci\u00f3n de gu\u00eda y preparaci\u00f3n del equipo de Trekking (noche en hostal), (cena y hostal no incluidos en el paquete)<br \/>\n<strong>D\u00eda 2:<\/strong> Salida de Tilcara a Huayra huasi Inicio de Trekkinga las 9am, duraci\u00f3n: 10horas; distancia: 20km; altura m\u00e1xima: 4165 msnm.<br \/>\n<strong>D\u00eda 3:<\/strong> Huayrahuasi a Molulo. Duraci\u00f3n; 6 a 8 hs; distancia: 15 km; altura m\u00e1xima: 3450 msnm.<br \/>\n<strong>D\u00eda 4:<\/strong> Molulo hasta San Lucas, Duraci\u00f3n: 10 a 12 Hs; distancia: 24 km; altura m\u00e1xima: 3000 msnm.<br \/>\n<strong>D\u00eda 5:<\/strong> San Lucas a San Francisco y luego a Tilcara, fin de programa.<\/p>\n","protected":false},"excerpt":{"rendered":"<p><b>Tarifa: $ 1.000.000 por persona en Base grupal. Reservas con bastante tiempo de antelaci\u00f3n, a partir de 2 personas (en caso de ser una sola persona, consultar por grupos).<\/b><\/p>\n<p><b>Tarifa valida hasta el 28 de Febrero 2026.-\u00a0<\/b><\/p>\n<p>&nbsp;<\/p>\n<p>&nbsp;<\/p>\n<p>&nbsp;<\/p>\n","protected":false},"featured_media":426,"comment_status":"open","ping_status":"closed","template":"","meta":{"_et_pb_use_builder":"","_et_pb_old_content":"","_et_gb_content_width":""},"product_cat":[17,18],"product_tag":[],"_links":{"self":[{"href":"https:\/\/runatour.tur.ar\/web\/wp-json\/wp\/v2\/product\/424"}],"collection":[{"href":"https:\/\/runatour.tur.ar\/web\/wp-json\/wp\/v2\/product"}],"about":[{"href":"https:\/\/runatour.tur.ar\/web\/wp-json\/wp\/v2\/types\/product"}],"replies":[{"embeddable":true,"href":"https:\/\/runatour.tur.ar\/web\/wp-json\/wp\/v2\/comments?post=424"}],"wp:featuredmedia":[{"embeddable":true,"href":"https:\/\/runatour.tur.ar\/web\/wp-json\/wp\/v2\/media\/426"}],"wp:attachment":[{"href":"https:\/\/runatour.tur.ar\/web\/wp-json\/wp\/v2\/media?parent=424"}],"wp:term":[{"taxonomy":"product_cat","embeddable":true,"href":"https:\/\/runatour.tur.ar\/web\/wp-json\/wp\/v2\/product_cat?post=424"},{"taxonomy":"product_tag","embeddable":true,"href":"https:\/\/runatour.tur.ar\/web\/wp-json\/wp\/v2\/product_tag?post=424"}],"curies":[{"name":"wp","href":"https:\/\/api.w.org\/{rel}","templated":true}]}}