{"id":445,"date":"2019-01-21T13:31:41","date_gmt":"2019-01-21T16:31:41","guid":{"rendered":"https:\/\/runatour.tur.ar\/web\/?post_type=product&#038;p=445"},"modified":"2026-02-25T12:59:20","modified_gmt":"2026-02-25T15:59:20","slug":"laguna-de-los-pozuelos","status":"publish","type":"product","link":"https:\/\/runatour.tur.ar\/web\/product\/laguna-de-los-pozuelos\/","title":{"rendered":"Laguna de los Pozuelos Natural"},"content":{"rendered":"<p>En el coraz\u00f3n de la regi\u00f3n PUNA de Jujuy se encuentra la Laguna de Pozuelos, declarada Monumento Natural por la Administraci\u00f3n de Parques Nacionales en 1981. Para la legislaci\u00f3n argentina un \u00abMonumento Natural\u00bb es un \u00e1rea, cosa, o especie viva de animales o plantas, de inter\u00e9s est\u00e9tico, valor hist\u00f3rico o cient\u00edfico, a los cuales se les acuerda protecci\u00f3n absoluta. Este impresionante espejo de agua, situado a una altura mayor a 3500 m.s.n.m., es muy visitado por ornit\u00f3logos para realizar avistaje de aves ya que conviven all\u00ed m\u00e1s de 44 especies de aves. Al retornar nos aproximaremos para admirar de cerca las doradas arenas del Huancar de Abra Pampa.<br \/>\nEn esta visita recorreremos aproximadamente 400 km. de ida y vuelta. Por ruta nacional N\u00b0 9 y luego por ruta provincial N\u00b0 7 (camino consolidado) admirando flora y fauna de la puna.<\/p>\n<p><strong>Datos del programa:<\/strong><br \/>\nLugar donde se desarrolla: Se inicia en la ciudad de Tilcara o Purmamarca y recorre casi toda la Quebrada de Humahuaca para internarse en la Puna de Jujuy. En el camino podremos apreciar: las formaciones geol\u00f3gicas: \u201cEspinazo del Diablo\u201d y \u201cPuente del Diablo\u201d, y varias obras a\u00fan en pi\u00e9 de la ingenier\u00eda ferroviaria del inactivo Ferrocarril General Belgrano. Visitaremos el Monumento Natural Laguna de Pozuelos, para finalizar apreciando el \u201cHuancar de Abra Pampa\u201d.<br \/>\n<strong>Duraci\u00f3n:<\/strong> Excursi\u00f3n d\u00eda entero<br \/>\n<strong>Modalidad:<\/strong> Ecoturismo.<br \/>\n<strong>Temporada:<\/strong> Todo el a\u00f1o.<br \/>\n<strong>Dificultad:<\/strong> Baja.<\/p>\n","protected":false},"excerpt":{"rendered":"<p><strong>Tarifa: $ 250.000 por persona.<\/strong> Reservas con tiempo de antelaci\u00f3n, a partir de 2 personas.<\/p>\n<p><strong>Temporada:<\/strong> desde Marzo a Septiembre.<\/p>\n<p>&nbsp;<\/p>\n<p>&nbsp;<\/p>\n","protected":false},"featured_media":448,"comment_status":"open","ping_status":"closed","template":"","meta":{"_et_pb_use_builder":"","_et_pb_old_content":"","_et_gb_content_width":""},"product_cat":[17],"product_tag":[],"_links":{"self":[{"href":"https:\/\/runatour.tur.ar\/web\/wp-json\/wp\/v2\/product\/445"}],"collection":[{"href":"https:\/\/runatour.tur.ar\/web\/wp-json\/wp\/v2\/product"}],"about":[{"href":"https:\/\/runatour.tur.ar\/web\/wp-json\/wp\/v2\/types\/product"}],"replies":[{"embeddable":true,"href":"https:\/\/runatour.tur.ar\/web\/wp-json\/wp\/v2\/comments?post=445"}],"wp:featuredmedia":[{"embeddable":true,"href":"https:\/\/runatour.tur.ar\/web\/wp-json\/wp\/v2\/media\/448"}],"wp:attachment":[{"href":"https:\/\/runatour.tur.ar\/web\/wp-json\/wp\/v2\/media?parent=445"}],"wp:term":[{"taxonomy":"product_cat","embeddable":true,"href":"https:\/\/runatour.tur.ar\/web\/wp-json\/wp\/v2\/product_cat?post=445"},{"taxonomy":"product_tag","embeddable":true,"href":"https:\/\/runatour.tur.ar\/web\/wp-json\/wp\/v2\/product_tag?post=445"}],"curies":[{"name":"wp","href":"https:\/\/api.w.org\/{rel}","templated":true}]}}