{"id":457,"date":"2019-08-01T14:15:52","date_gmt":"2019-08-01T17:15:52","guid":{"rendered":"https:\/\/runatour.tur.ar\/web\/?post_type=product&#038;p=457"},"modified":"2026-02-25T13:01:49","modified_gmt":"2026-02-25T16:01:49","slug":"cafayate-desde-salta","status":"publish","type":"product","link":"https:\/\/runatour.tur.ar\/web\/product\/cafayate-desde-salta\/","title":{"rendered":"Cafayate desde Salta"},"content":{"rendered":"<p>Son 390 km que se recorre ida y vuelta. Se atraviesa el Valle de Lerma, donde el gu\u00eda le da toda la info sobre la producci\u00f3n de tabaco. Se contin\u00faa por la RP 68, donde se realizan distintas paradas como por ejemplo en Coronel Moldes, La Vi\u00f1a, Alemania y en especial la quebrada de las Conchas donde se aprecian distintas formaciones geol\u00f3gicas como por ejemplo, El Sapo, El Fraile, La Garganta del Diablo, El Anfiteatro, Los Castillos, El Obelisco, son 9 formaciones. Luego incluye una visita a una bodega de vinos, donde tendr\u00e1n otro gu\u00eda que les explicara proceso, degustaci\u00f3n y elaboraci\u00f3n.<br \/>\nEn Cafayate tienen dos horas a 2 horas y media libres, para poder almorzar y visitar la ciudad.<br \/>\nRegreso a Salta a las 19 hs. aprox. en su hotel.<\/p>\n<p><strong>Observaciones:<\/strong> la excursi\u00f3n lleva un d\u00eda de duraci\u00f3n, b\u00fasqueda por el hotel entre 7 y 7.30 am. Son grupos regulares de 18 pax y todas guiadas. Si en caso que necesiten alg\u00fan servicio en privado tambi\u00e9n es posible realizarlo.<\/p>\n","protected":false},"excerpt":{"rendered":"<p><strong>Tarifa: $ 65.000 por persona.<\/strong> Reservas a partir de 2 personas con tiempo de antelaci\u00f3n, ya que la base m\u00ednima para la salida es de 4 pax en adelante.<\/p>\n<p><strong>Tarifa valida hasta el 31 de Marzo, 2026.-\u00a0<\/strong><\/p>\n<p>&nbsp;<\/p>\n","protected":false},"featured_media":460,"comment_status":"open","ping_status":"closed","template":"","meta":{"_et_pb_use_builder":"","_et_pb_old_content":"","_et_gb_content_width":""},"product_cat":[17],"product_tag":[],"_links":{"self":[{"href":"https:\/\/runatour.tur.ar\/web\/wp-json\/wp\/v2\/product\/457"}],"collection":[{"href":"https:\/\/runatour.tur.ar\/web\/wp-json\/wp\/v2\/product"}],"about":[{"href":"https:\/\/runatour.tur.ar\/web\/wp-json\/wp\/v2\/types\/product"}],"replies":[{"embeddable":true,"href":"https:\/\/runatour.tur.ar\/web\/wp-json\/wp\/v2\/comments?post=457"}],"wp:featuredmedia":[{"embeddable":true,"href":"https:\/\/runatour.tur.ar\/web\/wp-json\/wp\/v2\/media\/460"}],"wp:attachment":[{"href":"https:\/\/runatour.tur.ar\/web\/wp-json\/wp\/v2\/media?parent=457"}],"wp:term":[{"taxonomy":"product_cat","embeddable":true,"href":"https:\/\/runatour.tur.ar\/web\/wp-json\/wp\/v2\/product_cat?post=457"},{"taxonomy":"product_tag","embeddable":true,"href":"https:\/\/runatour.tur.ar\/web\/wp-json\/wp\/v2\/product_tag?post=457"}],"curies":[{"name":"wp","href":"https:\/\/api.w.org\/{rel}","templated":true}]}}