{"id":462,"date":"2019-01-21T14:32:04","date_gmt":"2019-01-21T17:32:04","guid":{"rendered":"https:\/\/runatour.tur.ar\/web\/?post_type=product&#038;p=462"},"modified":"2026-02-25T13:03:02","modified_gmt":"2026-02-25T16:03:02","slug":"cachi-desde-salta","status":"publish","type":"product","link":"https:\/\/runatour.tur.ar\/web\/product\/cachi-desde-salta\/","title":{"rendered":"Cachi desde Salta"},"content":{"rendered":"<p>Son 320 Km ida y vuelta, tambi\u00e9n pertenece a los Valles Calchaqu\u00edes. Se atraviesa el Valle de Lerma y en esta ocasi\u00f3n se toma la RP 33, donde se visita Chicoana y saliendo de aqu\u00ed comienza toda la Quebrada de Escoipe donde se realizan distintas para paradas en Valle Encantado, Cuesta del Obispo, Piedra del Molino, Parque Nacional Los Cardones, Payogasta. Estas son las paradas m\u00e1s importantes y luego tienen otras paradas fotogr\u00e1ficas. En el pueblo de Cachi van a tener dos horas y a dos horas y media libres para poder almorzar y visitar el pueblo. No es un lugar muy grande as\u00ed que lo m\u00e1s importante se encuentra alrededor de la plaza principal.<\/p>\n<p>Regreso a Salta 18.30 hs aprox.<\/p>\n<p><strong>Observaciones:<\/strong> la excursi\u00f3n lleva un d\u00eda de duraci\u00f3n, b\u00fasqueda por el hotel entre 7 y 7:45 am. Son grupos regulares de 18 pax y todas guiadas. Si en caso que necesiten alg\u00fan servicio en privado tambi\u00e9n es posible realizarlo.<\/p>\n","protected":false},"excerpt":{"rendered":"<p><b>Tarifa: $ 65.000 por persona. <\/b>Reservas a partir de 2 personas con tiempo de antelaci\u00f3n, ya que la base m\u00ednima para la salida es de 4 pax en adelante.<\/p>\n<p><strong>Tarifa valida hasta el 31 de Marzo, 2026.-\u00a0<\/strong><\/p>\n<p>&nbsp;<\/p>\n<p>&nbsp;<\/p>\n","protected":false},"featured_media":465,"comment_status":"open","ping_status":"closed","template":"","meta":{"_et_pb_use_builder":"","_et_pb_old_content":"","_et_gb_content_width":""},"product_cat":[17],"product_tag":[],"_links":{"self":[{"href":"https:\/\/runatour.tur.ar\/web\/wp-json\/wp\/v2\/product\/462"}],"collection":[{"href":"https:\/\/runatour.tur.ar\/web\/wp-json\/wp\/v2\/product"}],"about":[{"href":"https:\/\/runatour.tur.ar\/web\/wp-json\/wp\/v2\/types\/product"}],"replies":[{"embeddable":true,"href":"https:\/\/runatour.tur.ar\/web\/wp-json\/wp\/v2\/comments?post=462"}],"wp:featuredmedia":[{"embeddable":true,"href":"https:\/\/runatour.tur.ar\/web\/wp-json\/wp\/v2\/media\/465"}],"wp:attachment":[{"href":"https:\/\/runatour.tur.ar\/web\/wp-json\/wp\/v2\/media?parent=462"}],"wp:term":[{"taxonomy":"product_cat","embeddable":true,"href":"https:\/\/runatour.tur.ar\/web\/wp-json\/wp\/v2\/product_cat?post=462"},{"taxonomy":"product_tag","embeddable":true,"href":"https:\/\/runatour.tur.ar\/web\/wp-json\/wp\/v2\/product_tag?post=462"}],"curies":[{"name":"wp","href":"https:\/\/api.w.org\/{rel}","templated":true}]}}