{"id":467,"date":"2019-08-02T14:40:24","date_gmt":"2019-08-02T17:40:24","guid":{"rendered":"https:\/\/runatour.tur.ar\/web\/?post_type=product&#038;p=467"},"modified":"2026-02-25T12:58:00","modified_gmt":"2026-02-25T15:58:00","slug":"quebrada-de-humahuaca-2","status":"publish","type":"product","link":"https:\/\/runatour.tur.ar\/web\/product\/quebrada-de-humahuaca-2\/","title":{"rendered":"Quebrada de Humahuaca desde Salta"},"content":{"rendered":"<p>Son 520 KM ida y vuelta. Es una excursi\u00f3n al norte, si bien lleva todo el d\u00eda, se vuelve un poco m\u00e1s tarde. Este lugar ofrece muchas m\u00e1s paradas ya que el lugar tiene mucha, historia, cultura y paisajes para ser apreciados. En este circuito se visita Purmamarca, donde est\u00e1n los Cerros de 7 colores. Se lo visita por la ma\u00f1ana para poder apreciar los colores con la luz del sol, tienen una parada de entre 30 a 40 min en el lugar y luego se continua hacia Maimara, Tilcara que entre medios de estos lugares se aprecia La `Paleta del Pintor, Pollera de la Coya, Ruinas del Pucara (se abona entrada, hoy est\u00e1 en $70), Huacalera, aqu\u00ed se encuentra el reloj del sol, monolito de Tr\u00f3pico de Capricornio, Uquia que con la belleza de su iglesia tiene todo el altar revestido en oro y all\u00ed se encuentran las pinturas de los \u00e1ngeles arcabuceros que son pinturas cusque\u00f1as. Se llaga a Humahuaca al medio d\u00eda que se hace lo posible para ver la salida del Santo San Francisco Solano, que es un mu\u00f1eco articulado que da la bendici\u00f3n al pueblo todos los medio d\u00edas. Es por eso que en esta excursi\u00f3n se van haciendo paradas tanto de ida como de vuelta. En Humahuaca tienen dos horas libres y luego regreso a Salta a las 20.30 aprox.<\/p>\n<p>En caso, que decidan hacer noche en Purmamarca, solo llevar equipaje de mano. B\u00fasqueda al d\u00eda siguiente entre 10 y 11 am desde Purmamarca.<\/p>\n<p><strong>Observaciones:<\/strong> la excursi\u00f3n lleva un d\u00eda de duraci\u00f3n, b\u00fasqueda por el hotel entre 7 y 7.30 am. Son grupos regulares de 18 pax y todas guiadas. Si en caso que necesiten alg\u00fan servicio en privado tambi\u00e9n es posible realizarlo.<\/p>\n","protected":false},"excerpt":{"rendered":"<p><strong>Tarifa: $ 75.000 por persona. <\/strong>Reservas con tiempo de antelaci\u00f3n, a partir de 2 personas.<\/p>\n<p>&nbsp;<\/p>\n","protected":false},"featured_media":468,"comment_status":"open","ping_status":"closed","template":"","meta":{"_et_pb_use_builder":"","_et_pb_old_content":"","_et_gb_content_width":""},"product_cat":[17],"product_tag":[],"_links":{"self":[{"href":"https:\/\/runatour.tur.ar\/web\/wp-json\/wp\/v2\/product\/467"}],"collection":[{"href":"https:\/\/runatour.tur.ar\/web\/wp-json\/wp\/v2\/product"}],"about":[{"href":"https:\/\/runatour.tur.ar\/web\/wp-json\/wp\/v2\/types\/product"}],"replies":[{"embeddable":true,"href":"https:\/\/runatour.tur.ar\/web\/wp-json\/wp\/v2\/comments?post=467"}],"wp:featuredmedia":[{"embeddable":true,"href":"https:\/\/runatour.tur.ar\/web\/wp-json\/wp\/v2\/media\/468"}],"wp:attachment":[{"href":"https:\/\/runatour.tur.ar\/web\/wp-json\/wp\/v2\/media?parent=467"}],"wp:term":[{"taxonomy":"product_cat","embeddable":true,"href":"https:\/\/runatour.tur.ar\/web\/wp-json\/wp\/v2\/product_cat?post=467"},{"taxonomy":"product_tag","embeddable":true,"href":"https:\/\/runatour.tur.ar\/web\/wp-json\/wp\/v2\/product_tag?post=467"}],"curies":[{"name":"wp","href":"https:\/\/api.w.org\/{rel}","templated":true}]}}