{"id":663,"date":"2020-02-19T17:26:38","date_gmt":"2020-02-19T20:26:38","guid":{"rendered":"https:\/\/runatour.tur.ar\/web\/?post_type=product&#038;p=663"},"modified":"2026-03-18T19:56:57","modified_gmt":"2026-03-18T22:56:57","slug":"cueva-inca","status":"publish","type":"product","link":"https:\/\/runatour.tur.ar\/web\/product\/cueva-inca\/","title":{"rendered":"Trekking Inca Cueva"},"content":{"rendered":"<p>Para conocer y visitar este oasis incre\u00edble!, desde Tilcara nos dirigimos hacia el norte de la Quebrada de Humahuaca Patrimonio de la Humanidad. Se trata de un sitio en la Quebrada de Chul\u00edn donde se encontraron restos arqueol\u00f3gicos de hasta diez mil a\u00f1os de antig\u00fcedad. Los m\u00e1s conocidos son las tres momias: Chulina, Chulinita y Rosal\u00eda (Chulina fue datada por radiocarbono en 6080 \u00b1 100 a\u00f1os y es, tal vez, la momia natural m\u00e1s antigua del mundo) pero lo m\u00e1s interesante fue donde se encontr\u00f3 la m\u00e1s antigua evidencia del consumo del cebil: unas pipas de 4150 a\u00f1os de antig\u00fcedad, de las cuales se pudo obtener materia org\u00e1nica con restos de semillas de cebil.<\/p>\n<p>Desde Tilcara, realizamos 90 Km. hasta llegar a un campamento abandonado de Vialidad nacional, a 3 km. de la localidad de Tres Cruces. Son treinta minutos en auto desde Humahuaca hasta Inca Cueva, y luego el Trekking tiene una duraci\u00f3n de 1 hora y 30 minutos aproximadamente hasta llegar a la cueva principal donde se encuentran las pinturas rupestres.<\/p>\n<p><strong>Recomendaciones:<\/strong> ropa c\u00f3moda, zapatillas, sobrero o gorra, protector solar, mochila para llevar agua, entre otros.<\/p>\n<p><strong>Servicios incluidos:<\/strong><\/p>\n<ul>\n<li>Transporte<\/li>\n<li>Seguro de Viajero<\/li>\n<li>Botiqu\u00edn de primeros auxilios<\/li>\n<li>Refrigerios a bordo<\/li>\n<li>Gu\u00eda de la Excursi\u00f3n<\/li>\n<\/ul>\n<p>&nbsp;<\/p>\n","protected":false},"excerpt":{"rendered":"<p><b>Tarifa: $ 150.000 por persona en base grupal. Reservas con tiempo de antelaci\u00f3n, a partir de 2 personas.\u00a0<\/b><br \/>\n<strong>Salida:<\/strong> 08:30 hs.<br \/>\n<strong>Regreso:<\/strong> 16:00 hs.<\/p>\n<p><strong>Tarifa valida hasta el 31 de Marzo 2026.-\u00a0<\/strong><\/p>\n<p><strong>Dificultad:<\/strong> baja<\/p>\n<p><strong>Observaciones:<\/strong> se puede realizar casi todo el a\u00f1o, preferentemente desde Marzo a enero.<\/p>\n<p>&nbsp;<\/p>\n","protected":false},"featured_media":664,"comment_status":"open","ping_status":"closed","template":"","meta":{"_et_pb_use_builder":"","_et_pb_old_content":"","_et_gb_content_width":""},"product_cat":[17],"product_tag":[],"_links":{"self":[{"href":"https:\/\/runatour.tur.ar\/web\/wp-json\/wp\/v2\/product\/663"}],"collection":[{"href":"https:\/\/runatour.tur.ar\/web\/wp-json\/wp\/v2\/product"}],"about":[{"href":"https:\/\/runatour.tur.ar\/web\/wp-json\/wp\/v2\/types\/product"}],"replies":[{"embeddable":true,"href":"https:\/\/runatour.tur.ar\/web\/wp-json\/wp\/v2\/comments?post=663"}],"wp:featuredmedia":[{"embeddable":true,"href":"https:\/\/runatour.tur.ar\/web\/wp-json\/wp\/v2\/media\/664"}],"wp:attachment":[{"href":"https:\/\/runatour.tur.ar\/web\/wp-json\/wp\/v2\/media?parent=663"}],"wp:term":[{"taxonomy":"product_cat","embeddable":true,"href":"https:\/\/runatour.tur.ar\/web\/wp-json\/wp\/v2\/product_cat?post=663"},{"taxonomy":"product_tag","embeddable":true,"href":"https:\/\/runatour.tur.ar\/web\/wp-json\/wp\/v2\/product_tag?post=663"}],"curies":[{"name":"wp","href":"https:\/\/api.w.org\/{rel}","templated":true}]}}