{"id":671,"date":"2021-06-20T18:17:20","date_gmt":"2021-06-20T21:17:20","guid":{"rendered":"https:\/\/runatour.tur.ar\/web\/?post_type=product&#038;p=671"},"modified":"2025-12-04T18:33:33","modified_gmt":"2025-12-04T21:33:33","slug":"tolar-grande-cono-de-arita-ojos-del-salar-arizo","status":"publish","type":"product","link":"https:\/\/runatour.tur.ar\/web\/product\/tolar-grande-cono-de-arita-ojos-del-salar-arizo\/","title":{"rendered":"Tolar Grande + Cono de Arita + Ojos de Mar"},"content":{"rendered":"<p><strong>D\u00eda 1:<\/strong> Puede ser con salida desde Salta, Purmamarca o Tilcara \u2013 San Antonio de los Cobres \u2013 T\u00f3lar Grande<br \/>\n<strong>D\u00eda 2:<\/strong>\u00a0T\u00f3lar Grande \u2013 Salar de Arizaro \u2013 Cono de Arita \u2013 T\u00f3lar Grande.<br \/>\n<strong>D\u00eda 3:<\/strong> T\u00f3lar Grande \u2013 Ojos de Mar \u2013 San Antonio de los Cobres \u2013 Tilcara, Purmamarca o Salta<\/p>\n<p><strong>Servicios Incluidos:\u00a0<\/strong><\/p>\n<ul>\n<li>Trensporte<\/li>\n<li>Seguro de Viajero<\/li>\n<li>Botiqu\u00edn de primeros auxilios<\/li>\n<li>Chofer Gu\u00eda<\/li>\n<li>Y, alojamiento familiar en Tolar Grande para las 2 noches.<\/li>\n<\/ul>\n<p>&nbsp;<\/p>\n","protected":false},"excerpt":{"rendered":"<p><b>Paquete de 3 d\u00edas y 2 Noches: Base m\u00ednima para contratar el servicio 2 Pax.; reservas con tiempo de antelaci\u00f3n.<\/b><\/p>\n<p><strong>Tarifa: $ 1.750.000 por persona.<\/strong><\/p>\n<p><strong>Tarifa valida hasta el 31 de Marzo 2026.-\u00a0<\/strong><\/p>\n<p>&nbsp;<\/p>\n","protected":false},"featured_media":674,"comment_status":"open","ping_status":"closed","template":"","meta":{"_et_pb_use_builder":"","_et_pb_old_content":"","_et_gb_content_width":""},"product_cat":[31,17],"product_tag":[],"_links":{"self":[{"href":"https:\/\/runatour.tur.ar\/web\/wp-json\/wp\/v2\/product\/671"}],"collection":[{"href":"https:\/\/runatour.tur.ar\/web\/wp-json\/wp\/v2\/product"}],"about":[{"href":"https:\/\/runatour.tur.ar\/web\/wp-json\/wp\/v2\/types\/product"}],"replies":[{"embeddable":true,"href":"https:\/\/runatour.tur.ar\/web\/wp-json\/wp\/v2\/comments?post=671"}],"wp:featuredmedia":[{"embeddable":true,"href":"https:\/\/runatour.tur.ar\/web\/wp-json\/wp\/v2\/media\/674"}],"wp:attachment":[{"href":"https:\/\/runatour.tur.ar\/web\/wp-json\/wp\/v2\/media?parent=671"}],"wp:term":[{"taxonomy":"product_cat","embeddable":true,"href":"https:\/\/runatour.tur.ar\/web\/wp-json\/wp\/v2\/product_cat?post=671"},{"taxonomy":"product_tag","embeddable":true,"href":"https:\/\/runatour.tur.ar\/web\/wp-json\/wp\/v2\/product_tag?post=671"}],"curies":[{"name":"wp","href":"https:\/\/api.w.org\/{rel}","templated":true}]}}